{"id":377,"date":"2021-05-08T17:13:45","date_gmt":"2021-05-08T15:13:45","guid":{"rendered":"https:\/\/www.anwaltslink.de\/anwaltstools\/?page_id=377"},"modified":"2022-10-23T13:03:25","modified_gmt":"2022-10-23T11:03:25","slug":"datenschutzerklaerung","status":"publish","type":"page","link":"https:\/\/www.anwaltslink.de\/anwaltstools\/datenschutzerklaerung\/","title":{"rendered":"Datenschutzerkl\u00e4rung"},"content":{"rendered":"<div id=\"page-content\">\n<div class=\"main-content clear-fix boxed-wrapper\" data-layout=\"\" data-sidebar-sticky=\"\">\n<div class=\"main-container\">\n<article id=\"page-12\" class=\"post-12 page type-page status-publish hentry\">\n<div class=\"post-content\">\n<h3><strong>Datenschutzerkl\u00e4rung<\/strong><\/h3>\n<p><strong><br \/>\n<\/strong><strong>1. Erhebung, Verwendung und Verarbeitung personenbezogener Daten<\/strong><\/p>\n<p>1.1 Sie k\u00f6nnen die Webseite anwaltslink.de besuchen, ohne Angaben zu Ihrer Person zu machen.<\/p>\n<p>1.2 Hinweise zum Datenschutz finden Sie nachfolgend auch f\u00fcr den Fall, dass wir Sie zur Bekanntmachung dieses Dienstes per Post angeschrieben haben.<\/p>\n<p>1.3 Wir verwenden Ihre, z.B. \u00fcber diese Website erhobenen, personenbezogenen Daten ohne gesonderte Einwilligung (gem\u00e4\u00df Artikel 6 Absatz 1 Satz 1 Buchstabe a) Datenschutzgrundverordnung (DSGVO)) auf der Grundlage von Artikel 6 Absatz 1 Satz 1 Buchstabe b) DSGVO ausschlie\u00dflich zur Erbringung des Dienstes anwaltslink.de (z.B. Vertragsbegr\u00fcndung, Vertragsdurchf\u00fchrung sowie Abrechnungszwecke).<\/p>\n<p>1.4 Wir l\u00f6schen Ihre Daten nach vollst\u00e4ndiger Beendigung der vorvertraglichen oder vertraglichen Beziehung und nach Ende der gesetzlichen Aufbewahrungsfristen (<a href=\"https:\/\/www.gesetze-im-internet.de\/hgb\/__257.html\" target=\"_blank\" rel=\"noopener noreferrer\">\u00a7 257 HGB<\/a> \/ <a href=\"https:\/\/www.gesetze-im-internet.de\/ao_1977\/__147.html\" target=\"_blank\" rel=\"noopener noreferrer\">\u00a7 147 AO<\/a> \/ <a href=\"https:\/\/www.gesetze-im-internet.de\/ustg_1980\/__14b.html\" target=\"_blank\" rel=\"noopener noreferrer\">\u00a7 14b UStG<\/a>), bei Datenerhebung zu Zwecken der Bekanntmachung nach Zweckerf\u00fcllung.<\/p>\n<p><strong><br \/>\n2.<\/strong> <strong>Weitergabe personenbezogener Daten <\/strong><\/p>\n<p>Eine Weitergabe Ihrer Daten an Dritte erfolgt nur, wenn:<\/p>\n<p>\u2013 Sie nach Artikel 6 Absatz 1 Satz 1 Buchstabe a) DSGVO hierzu eine ausdr\u00fcckliche Einwilligung erteilt haben,<\/p>\n<p>\u2013 dies nach Artikel 6 Absatz 1 Satz 1 Buchstabe b) DSGVO zur Durchf\u00fchrung vorvertraglicher Ma\u00dfnahmen oder eines Vertrages mit Ihnen erforderlich bzw. zul\u00e4ssig ist, z.B. soweit Daten durch Dritte innerhalb der Europ\u00e4ischen Union im Auftrag verarbeitet werden,<\/p>\n<p>\u2013 dies zur Erf\u00fcllung einer rechtlichen Verpflichtung nach Artikel 6 Absatz 1 Satz 1 Buchstabe c) DSGVO erforderlich ist,<\/p>\n<p>\u2013 dies zur Wahrung berechtigter Interessen nach Artikel 6 Absatz 1 Satz 1 Buchstabe f) DSGVO, z.B. zur Geltendmachung oder Verteidigung von Rechtsanspr\u00fcchen, erforderlich ist, es sei denn, Ihre \u00fcberwiegenden schutzw\u00fcrdigen Interessen, Grundrechte und Grundfreiheiten stehen diesem entgegen.<\/p>\n<p><strong><br \/>\n3. Datensicherheit<\/strong><\/p>\n<p>3.1 Wir sichern unseren Dienst durch technische und organisatorische Ma\u00dfnahmen gegen Verlust, Zerst\u00f6rung, Zugriff, Ver\u00e4nderung oder Verbreitung Ihrer Daten durch unbefugte Personen.<\/p>\n<p>3.2 Sie erkennen an dem Symbol eines geschlossenen Vorh\u00e4ngeschlosses links in der Eingabezeile Ihres Internet-Browsers, ob die jeweils aufgerufene Seite verschl\u00fcsselt \u00fcbertragen wird.<\/p>\n<p>3.3 Bei einer Kommunikation per E-Mail sind die \u00fcbermittelten Daten dem allgemeinen Risiko einer nicht vollst\u00e4ndig verschl\u00fcsselten E-Mail-Kommunikation (keine Ende-zu-Ende-Verschl\u00fcsselung) ausgesetzt. Wir bieten Ende-zu-Ende-Verschl\u00fcsselung an. Falls Sie eine solche w\u00fcnschen, teilen Sie uns dies bitte, am besten telefonisch, mit.<br \/>\n&nbsp;<\/p>\n<p><strong>4. Widerruf von Einwilligungen<\/strong><\/p>\n<p>Wir weisen Sie darauf hin, dass Sie Ihre (zum Beispiel elektronisch erteilten) Einwilligungen in die Erhebung, Verwendung und Verarbeitung personenbezogener Daten jederzeit mit Wirkung f\u00fcr die Zukunft widerrufen k\u00f6nnen (Artikel 7 Absatz 3 DSGVO). Durch den Widerruf der Einwilligung wird die Rechtm\u00e4\u00dfigkeit der aufgrund der Einwilligung bis zum Widerruf erfolgten Verarbeitung nicht ber\u00fchrt.<\/p>\n<p><strong><br \/>\n5.<\/strong> <strong>Auskunftsrecht und sonstige Rechte<\/strong><\/p>\n<p>Nach der Datenschutzgrundverordnung (DSGVO) haben Sie ein Recht auf unentgeltliche Auskunft \u00fcber Ihre gespeicherten Daten (Artikel 15 DSGVO) sowie ein Recht auf Berichtigung (Artikel 16 DSGVO), L\u00f6schung (Artikel 17 DSGVO), Einschr\u00e4nkung der Verarbeitung (Artikel 18 DSGVO) sowie ein Recht auf Daten\u00fcbertragbarkeit (Artikel 20 DSGVO) dieser Daten.<\/p>\n<p><em><strong><br \/>\n6. Widerspruchsrecht<\/strong><\/em><\/p>\n<p><em>Dar\u00fcber hinaus haben Sie das Recht, aus Gr\u00fcnden, die sich aus Ihrer besonderen Situation ergeben, jederzeit gegen die Verarbeitung Sie betreffender personenbezogener Daten, die aufgrund von Artikel 6 Absatz 1 Satz 1 Buchstabe e) DSGVO (Verarbeitung von Daten im \u00f6ffentlichen Interesse) oder aufgrund von Artikel 6 Absatz 1 Satz 1 Buchstabe f) DSGVO (Verarbeitung von Daten auf Grundlage einer Interessenabw\u00e4gung) erfolgt, Widerspruch einzulegen (Artikel 21 DSGVO). In diesem Fall k\u00f6nnen jedoch zwingende schutzw\u00fcrdige Gr\u00fcnde f\u00fcr die Verarbeitung, die Ihre Interessen, Rechte und Freiheiten \u00fcberwiegen, oder die Verarbeitung dient der Geltendmachung, Aus\u00fcbung oder Verteidigung von Rechtsanspr\u00fcchen, zur weiteren Verarbeitung f\u00fchren.<\/em><\/p>\n<p><strong><br \/>\n7. Automatisierte Entscheidungsfindung im Einzelfall<br \/>\n<\/strong><\/p>\n<p>Eine automatisierte Entscheidungsfindung im Einzelfall (einschlie\u00dflich Profiling) besteht nicht.<\/p>\n<p><strong><br \/>\n8. Beschwerderecht bei einer Aufsichtsbeh\u00f6rde<\/strong><\/p>\n<p>Sie haben ein Beschwerderecht bei der zust\u00e4ndigen Aufsichtsbeh\u00f6rde (Artikel 77 DSGVO).<\/p>\n<p><strong><br \/>\n9. Verantwortliche f\u00fcr die Datenverarbeitung<\/strong><\/p>\n<p>anwaltsgebot.de UG (haftungsbeschr\u00e4nkt)<br \/>\nGesch\u00e4ftsf\u00fchrer: Dirk Andresen<br \/>\nTorstra\u00dfe 97<br \/>\n10119 Berlin<\/p>\n<p>E-Mail <a href=\"mailto:%20info@anwaltsgebot.de\">info(at)anwaltsgebot.de<\/a><\/p>\n<p>Tel. 030 \u2013 120 824 90<\/p>\n<p>Weitere Einzelheiten zur Verantwortlichen finden Sie im <a href=\".\/impressum\" rel=\"noopener noreferrer\">Impressum<\/a>.<\/p>\n<p><strong><br \/>\n10. Text der Datenschutzgrundverordnung<\/strong><\/p>\n<p>Den vollst\u00e4ndigen Text der Datenschutzgrundverordnung (DSGVO) finden Sie <a href=\"https:\/\/eur-lex.europa.eu\/legal-content\/DE\/TXT\/?qid=1529564149242&amp;uri=CELEX:02016R0679-20160504\" target=\"_blank\" rel=\"noopener noreferrer\" data-htmlarea-external=\"1\">hier<\/a>.<\/p>\n<\/div>\n<\/article>\n<\/div>\n<\/div>\n<\/div>\n","protected":false},"excerpt":{"rendered":"<p>Datenschutzerkl\u00e4rung 1. Erhebung, Verwendung und Verarbeitung personenbezogener Daten 1.1 Sie k\u00f6nnen die Webseite anwaltslink.de besuchen, ohne Angaben zu Ihrer Person zu machen. 1.2 Hinweise zum Datenschutz finden Sie nachfolgend auch f\u00fcr den Fall, dass wir Sie zur Bekanntmachung dieses Dienstes per Post angeschrieben haben. 1.3 Wir verwenden Ihre, z.B. \u00fcber diese Website erhobenen, personenbezogenen Daten [&hellip;]<\/p>\n","protected":false},"author":2,"featured_media":0,"parent":0,"menu_order":0,"comment_status":"closed","ping_status":"closed","template":"","meta":{"footnotes":""},"class_list":["post-377","page","type-page","status-publish","hentry"],"yoast_head":"<!-- This site is optimized with the Yoast SEO plugin v27.6 - https:\/\/yoast.com\/product\/yoast-seo-wordpress\/ -->\n<title>Datenschutzerkl\u00e4rung - anwaltslink.de<\/title>\n<meta name=\"robots\" content=\"index, follow, max-snippet:-1, max-image-preview:large, max-video-preview:-1\" \/>\n<link rel=\"canonical\" href=\"https:\/\/www.anwaltslink.de\/anwaltstools\/datenschutzerklaerung\/\" \/>\n<meta property=\"og:locale\" content=\"de_DE\" \/>\n<meta property=\"og:type\" content=\"article\" \/>\n<meta property=\"og:title\" content=\"Datenschutzerkl\u00e4rung - anwaltslink.de\" \/>\n<meta property=\"og:description\" content=\"Datenschutzerkl\u00e4rung 1. Erhebung, Verwendung und Verarbeitung personenbezogener Daten 1.1 Sie k\u00f6nnen die Webseite anwaltslink.de besuchen, ohne Angaben zu Ihrer Person zu machen. 1.2 Hinweise zum Datenschutz finden Sie nachfolgend auch f\u00fcr den Fall, dass wir Sie zur Bekanntmachung dieses Dienstes per Post angeschrieben haben. 1.3 Wir verwenden Ihre, z.B. \u00fcber diese Website erhobenen, personenbezogenen Daten [&hellip;]\" \/>\n<meta property=\"og:url\" content=\"https:\/\/www.anwaltslink.de\/anwaltstools\/datenschutzerklaerung\/\" \/>\n<meta property=\"og:site_name\" content=\"anwaltslink.de\" \/>\n<meta property=\"article:modified_time\" content=\"2022-10-23T11:03:25+00:00\" \/>\n<meta name=\"twitter:card\" content=\"summary_large_image\" \/>\n<meta name=\"twitter:label1\" content=\"Gesch\u00e4tzte Lesezeit\" \/>\n\t<meta name=\"twitter:data1\" content=\"3\u00a0Minuten\" \/>\n<script type=\"application\/ld+json\" class=\"yoast-schema-graph\">{\"@context\":\"https:\\\/\\\/schema.org\",\"@graph\":[{\"@type\":\"WebPage\",\"@id\":\"https:\\\/\\\/www.anwaltslink.de\\\/anwaltstools\\\/datenschutzerklaerung\\\/\",\"url\":\"https:\\\/\\\/www.anwaltslink.de\\\/anwaltstools\\\/datenschutzerklaerung\\\/\",\"name\":\"Datenschutzerkl\u00e4rung - anwaltslink.de\",\"isPartOf\":{\"@id\":\"https:\\\/\\\/www.anwaltslink.de\\\/anwaltstools\\\/#website\"},\"datePublished\":\"2021-05-08T15:13:45+00:00\",\"dateModified\":\"2022-10-23T11:03:25+00:00\",\"breadcrumb\":{\"@id\":\"https:\\\/\\\/www.anwaltslink.de\\\/anwaltstools\\\/datenschutzerklaerung\\\/#breadcrumb\"},\"inLanguage\":\"de\",\"potentialAction\":[{\"@type\":\"ReadAction\",\"target\":[\"https:\\\/\\\/www.anwaltslink.de\\\/anwaltstools\\\/datenschutzerklaerung\\\/\"]}]},{\"@type\":\"BreadcrumbList\",\"@id\":\"https:\\\/\\\/www.anwaltslink.de\\\/anwaltstools\\\/datenschutzerklaerung\\\/#breadcrumb\",\"itemListElement\":[{\"@type\":\"ListItem\",\"position\":1,\"name\":\"Startseite\",\"item\":\"https:\\\/\\\/www.anwaltslink.de\\\/anwaltstools\\\/\"},{\"@type\":\"ListItem\",\"position\":2,\"name\":\"Datenschutzerkl\u00e4rung\"}]},{\"@type\":\"WebSite\",\"@id\":\"https:\\\/\\\/www.anwaltslink.de\\\/anwaltstools\\\/#website\",\"url\":\"https:\\\/\\\/www.anwaltslink.de\\\/anwaltstools\\\/\",\"name\":\"anwaltslink.de\",\"description\":\"Anwaltstools im Internet\",\"potentialAction\":[{\"@type\":\"SearchAction\",\"target\":{\"@type\":\"EntryPoint\",\"urlTemplate\":\"https:\\\/\\\/www.anwaltslink.de\\\/anwaltstools\\\/?s={search_term_string}\"},\"query-input\":{\"@type\":\"PropertyValueSpecification\",\"valueRequired\":true,\"valueName\":\"search_term_string\"}}],\"inLanguage\":\"de\"}]}<\/script>\n<!-- \/ Yoast SEO plugin. -->","yoast_head_json":{"title":"Datenschutzerkl\u00e4rung - anwaltslink.de","robots":{"index":"index","follow":"follow","max-snippet":"max-snippet:-1","max-image-preview":"max-image-preview:large","max-video-preview":"max-video-preview:-1"},"canonical":"https:\/\/www.anwaltslink.de\/anwaltstools\/datenschutzerklaerung\/","og_locale":"de_DE","og_type":"article","og_title":"Datenschutzerkl\u00e4rung - anwaltslink.de","og_description":"Datenschutzerkl\u00e4rung 1. Erhebung, Verwendung und Verarbeitung personenbezogener Daten 1.1 Sie k\u00f6nnen die Webseite anwaltslink.de besuchen, ohne Angaben zu Ihrer Person zu machen. 1.2 Hinweise zum Datenschutz finden Sie nachfolgend auch f\u00fcr den Fall, dass wir Sie zur Bekanntmachung dieses Dienstes per Post angeschrieben haben. 1.3 Wir verwenden Ihre, z.B. \u00fcber diese Website erhobenen, personenbezogenen Daten [&hellip;]","og_url":"https:\/\/www.anwaltslink.de\/anwaltstools\/datenschutzerklaerung\/","og_site_name":"anwaltslink.de","article_modified_time":"2022-10-23T11:03:25+00:00","twitter_card":"summary_large_image","twitter_misc":{"Gesch\u00e4tzte Lesezeit":"3\u00a0Minuten"},"schema":{"@context":"https:\/\/schema.org","@graph":[{"@type":"WebPage","@id":"https:\/\/www.anwaltslink.de\/anwaltstools\/datenschutzerklaerung\/","url":"https:\/\/www.anwaltslink.de\/anwaltstools\/datenschutzerklaerung\/","name":"Datenschutzerkl\u00e4rung - anwaltslink.de","isPartOf":{"@id":"https:\/\/www.anwaltslink.de\/anwaltstools\/#website"},"datePublished":"2021-05-08T15:13:45+00:00","dateModified":"2022-10-23T11:03:25+00:00","breadcrumb":{"@id":"https:\/\/www.anwaltslink.de\/anwaltstools\/datenschutzerklaerung\/#breadcrumb"},"inLanguage":"de","potentialAction":[{"@type":"ReadAction","target":["https:\/\/www.anwaltslink.de\/anwaltstools\/datenschutzerklaerung\/"]}]},{"@type":"BreadcrumbList","@id":"https:\/\/www.anwaltslink.de\/anwaltstools\/datenschutzerklaerung\/#breadcrumb","itemListElement":[{"@type":"ListItem","position":1,"name":"Startseite","item":"https:\/\/www.anwaltslink.de\/anwaltstools\/"},{"@type":"ListItem","position":2,"name":"Datenschutzerkl\u00e4rung"}]},{"@type":"WebSite","@id":"https:\/\/www.anwaltslink.de\/anwaltstools\/#website","url":"https:\/\/www.anwaltslink.de\/anwaltstools\/","name":"anwaltslink.de","description":"Anwaltstools im Internet","potentialAction":[{"@type":"SearchAction","target":{"@type":"EntryPoint","urlTemplate":"https:\/\/www.anwaltslink.de\/anwaltstools\/?s={search_term_string}"},"query-input":{"@type":"PropertyValueSpecification","valueRequired":true,"valueName":"search_term_string"}}],"inLanguage":"de"}]}},"wps_subtitle":"","_links":{"self":[{"href":"https:\/\/www.anwaltslink.de\/anwaltstools\/wp-json\/wp\/v2\/pages\/377","targetHints":{"allow":["GET"]}}],"collection":[{"href":"https:\/\/www.anwaltslink.de\/anwaltstools\/wp-json\/wp\/v2\/pages"}],"about":[{"href":"https:\/\/www.anwaltslink.de\/anwaltstools\/wp-json\/wp\/v2\/types\/page"}],"author":[{"embeddable":true,"href":"https:\/\/www.anwaltslink.de\/anwaltstools\/wp-json\/wp\/v2\/users\/2"}],"replies":[{"embeddable":true,"href":"https:\/\/www.anwaltslink.de\/anwaltstools\/wp-json\/wp\/v2\/comments?post=377"}],"version-history":[{"count":4,"href":"https:\/\/www.anwaltslink.de\/anwaltstools\/wp-json\/wp\/v2\/pages\/377\/revisions"}],"predecessor-version":[{"id":610,"href":"https:\/\/www.anwaltslink.de\/anwaltstools\/wp-json\/wp\/v2\/pages\/377\/revisions\/610"}],"wp:attachment":[{"href":"https:\/\/www.anwaltslink.de\/anwaltstools\/wp-json\/wp\/v2\/media?parent=377"}],"curies":[{"name":"wp","href":"https:\/\/api.w.org\/{rel}","templated":true}]}}