{"id":566,"date":"2021-05-13T10:16:34","date_gmt":"2021-05-13T08:16:34","guid":{"rendered":"https:\/\/www.anwaltslink.de\/anwaltstools\/?page_id=566"},"modified":"2025-12-18T09:14:01","modified_gmt":"2025-12-18T08:14:01","slug":"impressum","status":"publish","type":"page","link":"https:\/\/www.anwaltslink.de\/anwaltstools\/impressum\/","title":{"rendered":"Impressum"},"content":{"rendered":"<p><strong>Anbieter<\/strong><\/p>\n<p>von<\/p>\n<p><strong><img loading=\"lazy\" decoding=\"async\" class=\"alignnone size-full wp-image-373\" src=\"https:\/\/www.anwaltslink.de\/anwaltstools\/wp-content\/uploads\/sites\/4\/anwaltslink_anwaltstools_im_internet.png\" alt=\"\" width=\"150\" height=\"20\" \/><em><br \/>\n<\/em>Anwaltstools im Internet<\/strong><\/p>\n<p>ist die<\/p>\n<p><strong>anwaltsgebot.de UG (haftungsbeschr\u00e4nkt)<\/strong><\/p>\n<p>Gesch\u00e4ftsf\u00fchrer: Dirk Andresen<\/p>\n<p>Torstra\u00dfe 97<br \/>\n10119 Berlin<\/p>\n<p><strong>E-Mail <\/strong><a href=\"mailto:info@anwaltsgebot.de\"><strong>info(at)anwaltsgebot.de<\/strong><\/a><\/p>\n<p><strong>Tel.<\/strong> 030 \u2013 120 824 90<\/p>\n<p><strong>Eingetragen im<\/strong><br \/>\nHandelsregister des Amtsgerichts Berlin-Charlottenburg<br \/>\nHRB 188479 B<\/p>\n<p><strong>Umsatzsteuer-Identifikationsnummer: DE313024428<br \/>\n<\/strong><\/p>\n<p><strong><br \/>\nUrheberrechte und geistiges Eigentum<\/strong><\/p>\n<p>Die auf dieser Website verwendeten Texte, Datenbank-Eintr\u00e4ge (einschlie\u00dflich der Datenbank als solcher), Grafiken, Fotos, Marken und Kennzeichen unterliegen dem Urheberrecht oder anderen Regeln zum Schutz des geistigen Eigentums.<\/p>\n<p><strong><br \/>\nDisclaimer<\/strong><\/p>\n<p>Trotz sorgf\u00e4ltiger inhaltlicher Kontrolle wird keine Haftung f\u00fcr die Inhalte externer Websites, auf die diese Website direkt oder indirekt verweist, \u00fcbernommen. F\u00fcr den Inhalt der verlinkten Seiten sind ausschlie\u00dflich deren Betreiber verantwortlich.<\/p>\n<p>Alle Angaben ohne Gew\u00e4hr. Ma\u00dfgeblich ist die aktuelle Sach- und Rechtslage.<\/p>\n<p><strong><br \/>\nBezeichnungen<\/strong><\/p>\n<p>Zwecks besserer Lesbarkeit wird auf eine durchg\u00e4ngige geschlechtsspezifische Differenzierung, wie z.B. \u201cRechtsanw\u00e4ltin\u201d, verzichtet. Bezeichnungen wie \u201cRechtsanwalt\u201d oder \u201cAnwalt\u201d gelten gegebenenfalls gleicherma\u00dfen f\u00fcr alle Geschlechter.<\/p>\n<p><strong><br \/>\nCopyright<\/strong><\/p>\n<p><strong>\u00a9 <\/strong>anwaltsgebot.de UG (haftungsbeschr\u00e4nkt)<\/p>\n<p>Alle Rechte vorbehalten. Vervielf\u00e4ltigung, Verbreitung oder \u00f6ffentliche Zug\u00e4nglichmachung nur mit vorheriger Zustimmung der anwaltsgebot.de UG (haftungsbeschr\u00e4nkt).<\/p>\n<p><strong><br \/>\nCMS:<\/strong> WordPress<\/p>\n","protected":false},"excerpt":{"rendered":"<p>Anbieter von Anwaltstools im Internet ist die anwaltsgebot.de UG (haftungsbeschr\u00e4nkt) Gesch\u00e4ftsf\u00fchrer: Dirk Andresen Torstra\u00dfe 97 10119 Berlin E-Mail info(at)anwaltsgebot.de Tel. 030 \u2013 120 824 90 Eingetragen im Handelsregister des Amtsgerichts Berlin-Charlottenburg HRB 188479 B Umsatzsteuer-Identifikationsnummer: DE313024428 Urheberrechte und geistiges Eigentum Die auf dieser Website verwendeten Texte, Datenbank-Eintr\u00e4ge (einschlie\u00dflich der Datenbank als solcher), Grafiken, Fotos, Marken [&hellip;]<\/p>\n","protected":false},"author":2,"featured_media":0,"parent":0,"menu_order":0,"comment_status":"closed","ping_status":"closed","template":"","meta":{"footnotes":""},"class_list":["post-566","page","type-page","status-publish","hentry"],"yoast_head":"<!-- This site is optimized with the Yoast SEO plugin v27.6 - https:\/\/yoast.com\/product\/yoast-seo-wordpress\/ -->\n<title>Impressum - anwaltslink.de<\/title>\n<meta name=\"robots\" content=\"index, follow, max-snippet:-1, max-image-preview:large, max-video-preview:-1\" \/>\n<link rel=\"canonical\" href=\"https:\/\/www.anwaltslink.de\/anwaltstools\/impressum\/\" \/>\n<meta property=\"og:locale\" content=\"de_DE\" \/>\n<meta property=\"og:type\" content=\"article\" \/>\n<meta property=\"og:title\" content=\"Impressum - anwaltslink.de\" \/>\n<meta property=\"og:description\" content=\"Anbieter von Anwaltstools im Internet ist die anwaltsgebot.de UG (haftungsbeschr\u00e4nkt) Gesch\u00e4ftsf\u00fchrer: Dirk Andresen Torstra\u00dfe 97 10119 Berlin E-Mail info(at)anwaltsgebot.de Tel. 030 \u2013 120 824 90 Eingetragen im Handelsregister des Amtsgerichts Berlin-Charlottenburg HRB 188479 B Umsatzsteuer-Identifikationsnummer: DE313024428 Urheberrechte und geistiges Eigentum Die auf dieser Website verwendeten Texte, Datenbank-Eintr\u00e4ge (einschlie\u00dflich der Datenbank als solcher), Grafiken, Fotos, Marken [&hellip;]\" \/>\n<meta property=\"og:url\" content=\"https:\/\/www.anwaltslink.de\/anwaltstools\/impressum\/\" \/>\n<meta property=\"og:site_name\" content=\"anwaltslink.de\" \/>\n<meta property=\"article:modified_time\" content=\"2025-12-18T08:14:01+00:00\" \/>\n<meta property=\"og:image\" content=\"https:\/\/www.anwaltslink.de\/anwaltstools\/wp-content\/uploads\/sites\/4\/anwaltslink_anwaltstools_im_internet.png\" \/>\n<meta name=\"twitter:card\" content=\"summary_large_image\" \/>\n<meta name=\"twitter:label1\" content=\"Gesch\u00e4tzte Lesezeit\" \/>\n\t<meta name=\"twitter:data1\" content=\"1\u00a0Minute\" \/>\n<script type=\"application\/ld+json\" class=\"yoast-schema-graph\">{\"@context\":\"https:\\\/\\\/schema.org\",\"@graph\":[{\"@type\":\"WebPage\",\"@id\":\"https:\\\/\\\/www.anwaltslink.de\\\/anwaltstools\\\/impressum\\\/\",\"url\":\"https:\\\/\\\/www.anwaltslink.de\\\/anwaltstools\\\/impressum\\\/\",\"name\":\"Impressum - anwaltslink.de\",\"isPartOf\":{\"@id\":\"https:\\\/\\\/www.anwaltslink.de\\\/anwaltstools\\\/#website\"},\"primaryImageOfPage\":{\"@id\":\"https:\\\/\\\/www.anwaltslink.de\\\/anwaltstools\\\/impressum\\\/#primaryimage\"},\"image\":{\"@id\":\"https:\\\/\\\/www.anwaltslink.de\\\/anwaltstools\\\/impressum\\\/#primaryimage\"},\"thumbnailUrl\":\"https:\\\/\\\/www.anwaltslink.de\\\/anwaltstools\\\/wp-content\\\/uploads\\\/sites\\\/4\\\/anwaltslink_anwaltstools_im_internet.png\",\"datePublished\":\"2021-05-13T08:16:34+00:00\",\"dateModified\":\"2025-12-18T08:14:01+00:00\",\"breadcrumb\":{\"@id\":\"https:\\\/\\\/www.anwaltslink.de\\\/anwaltstools\\\/impressum\\\/#breadcrumb\"},\"inLanguage\":\"de\",\"potentialAction\":[{\"@type\":\"ReadAction\",\"target\":[\"https:\\\/\\\/www.anwaltslink.de\\\/anwaltstools\\\/impressum\\\/\"]}]},{\"@type\":\"ImageObject\",\"inLanguage\":\"de\",\"@id\":\"https:\\\/\\\/www.anwaltslink.de\\\/anwaltstools\\\/impressum\\\/#primaryimage\",\"url\":\"https:\\\/\\\/www.anwaltslink.de\\\/anwaltstools\\\/wp-content\\\/uploads\\\/sites\\\/4\\\/anwaltslink_anwaltstools_im_internet.png\",\"contentUrl\":\"https:\\\/\\\/www.anwaltslink.de\\\/anwaltstools\\\/wp-content\\\/uploads\\\/sites\\\/4\\\/anwaltslink_anwaltstools_im_internet.png\",\"width\":150,\"height\":20},{\"@type\":\"BreadcrumbList\",\"@id\":\"https:\\\/\\\/www.anwaltslink.de\\\/anwaltstools\\\/impressum\\\/#breadcrumb\",\"itemListElement\":[{\"@type\":\"ListItem\",\"position\":1,\"name\":\"Startseite\",\"item\":\"https:\\\/\\\/www.anwaltslink.de\\\/anwaltstools\\\/\"},{\"@type\":\"ListItem\",\"position\":2,\"name\":\"Impressum\"}]},{\"@type\":\"WebSite\",\"@id\":\"https:\\\/\\\/www.anwaltslink.de\\\/anwaltstools\\\/#website\",\"url\":\"https:\\\/\\\/www.anwaltslink.de\\\/anwaltstools\\\/\",\"name\":\"anwaltslink.de\",\"description\":\"Anwaltstools im Internet\",\"potentialAction\":[{\"@type\":\"SearchAction\",\"target\":{\"@type\":\"EntryPoint\",\"urlTemplate\":\"https:\\\/\\\/www.anwaltslink.de\\\/anwaltstools\\\/?s={search_term_string}\"},\"query-input\":{\"@type\":\"PropertyValueSpecification\",\"valueRequired\":true,\"valueName\":\"search_term_string\"}}],\"inLanguage\":\"de\"}]}<\/script>\n<!-- \/ Yoast SEO plugin. -->","yoast_head_json":{"title":"Impressum - anwaltslink.de","robots":{"index":"index","follow":"follow","max-snippet":"max-snippet:-1","max-image-preview":"max-image-preview:large","max-video-preview":"max-video-preview:-1"},"canonical":"https:\/\/www.anwaltslink.de\/anwaltstools\/impressum\/","og_locale":"de_DE","og_type":"article","og_title":"Impressum - anwaltslink.de","og_description":"Anbieter von Anwaltstools im Internet ist die anwaltsgebot.de UG (haftungsbeschr\u00e4nkt) Gesch\u00e4ftsf\u00fchrer: Dirk Andresen Torstra\u00dfe 97 10119 Berlin E-Mail info(at)anwaltsgebot.de Tel. 030 \u2013 120 824 90 Eingetragen im Handelsregister des Amtsgerichts Berlin-Charlottenburg HRB 188479 B Umsatzsteuer-Identifikationsnummer: DE313024428 Urheberrechte und geistiges Eigentum Die auf dieser Website verwendeten Texte, Datenbank-Eintr\u00e4ge (einschlie\u00dflich der Datenbank als solcher), Grafiken, Fotos, Marken [&hellip;]","og_url":"https:\/\/www.anwaltslink.de\/anwaltstools\/impressum\/","og_site_name":"anwaltslink.de","article_modified_time":"2025-12-18T08:14:01+00:00","og_image":[{"url":"https:\/\/www.anwaltslink.de\/anwaltstools\/wp-content\/uploads\/sites\/4\/anwaltslink_anwaltstools_im_internet.png","type":"","width":"","height":""}],"twitter_card":"summary_large_image","twitter_misc":{"Gesch\u00e4tzte Lesezeit":"1\u00a0Minute"},"schema":{"@context":"https:\/\/schema.org","@graph":[{"@type":"WebPage","@id":"https:\/\/www.anwaltslink.de\/anwaltstools\/impressum\/","url":"https:\/\/www.anwaltslink.de\/anwaltstools\/impressum\/","name":"Impressum - anwaltslink.de","isPartOf":{"@id":"https:\/\/www.anwaltslink.de\/anwaltstools\/#website"},"primaryImageOfPage":{"@id":"https:\/\/www.anwaltslink.de\/anwaltstools\/impressum\/#primaryimage"},"image":{"@id":"https:\/\/www.anwaltslink.de\/anwaltstools\/impressum\/#primaryimage"},"thumbnailUrl":"https:\/\/www.anwaltslink.de\/anwaltstools\/wp-content\/uploads\/sites\/4\/anwaltslink_anwaltstools_im_internet.png","datePublished":"2021-05-13T08:16:34+00:00","dateModified":"2025-12-18T08:14:01+00:00","breadcrumb":{"@id":"https:\/\/www.anwaltslink.de\/anwaltstools\/impressum\/#breadcrumb"},"inLanguage":"de","potentialAction":[{"@type":"ReadAction","target":["https:\/\/www.anwaltslink.de\/anwaltstools\/impressum\/"]}]},{"@type":"ImageObject","inLanguage":"de","@id":"https:\/\/www.anwaltslink.de\/anwaltstools\/impressum\/#primaryimage","url":"https:\/\/www.anwaltslink.de\/anwaltstools\/wp-content\/uploads\/sites\/4\/anwaltslink_anwaltstools_im_internet.png","contentUrl":"https:\/\/www.anwaltslink.de\/anwaltstools\/wp-content\/uploads\/sites\/4\/anwaltslink_anwaltstools_im_internet.png","width":150,"height":20},{"@type":"BreadcrumbList","@id":"https:\/\/www.anwaltslink.de\/anwaltstools\/impressum\/#breadcrumb","itemListElement":[{"@type":"ListItem","position":1,"name":"Startseite","item":"https:\/\/www.anwaltslink.de\/anwaltstools\/"},{"@type":"ListItem","position":2,"name":"Impressum"}]},{"@type":"WebSite","@id":"https:\/\/www.anwaltslink.de\/anwaltstools\/#website","url":"https:\/\/www.anwaltslink.de\/anwaltstools\/","name":"anwaltslink.de","description":"Anwaltstools im Internet","potentialAction":[{"@type":"SearchAction","target":{"@type":"EntryPoint","urlTemplate":"https:\/\/www.anwaltslink.de\/anwaltstools\/?s={search_term_string}"},"query-input":{"@type":"PropertyValueSpecification","valueRequired":true,"valueName":"search_term_string"}}],"inLanguage":"de"}]}},"wps_subtitle":"","_links":{"self":[{"href":"https:\/\/www.anwaltslink.de\/anwaltstools\/wp-json\/wp\/v2\/pages\/566","targetHints":{"allow":["GET"]}}],"collection":[{"href":"https:\/\/www.anwaltslink.de\/anwaltstools\/wp-json\/wp\/v2\/pages"}],"about":[{"href":"https:\/\/www.anwaltslink.de\/anwaltstools\/wp-json\/wp\/v2\/types\/page"}],"author":[{"embeddable":true,"href":"https:\/\/www.anwaltslink.de\/anwaltstools\/wp-json\/wp\/v2\/users\/2"}],"replies":[{"embeddable":true,"href":"https:\/\/www.anwaltslink.de\/anwaltstools\/wp-json\/wp\/v2\/comments?post=566"}],"version-history":[{"count":5,"href":"https:\/\/www.anwaltslink.de\/anwaltstools\/wp-json\/wp\/v2\/pages\/566\/revisions"}],"predecessor-version":[{"id":626,"href":"https:\/\/www.anwaltslink.de\/anwaltstools\/wp-json\/wp\/v2\/pages\/566\/revisions\/626"}],"wp:attachment":[{"href":"https:\/\/www.anwaltslink.de\/anwaltstools\/wp-json\/wp\/v2\/media?parent=566"}],"curies":[{"name":"wp","href":"https:\/\/api.w.org\/{rel}","templated":true}]}}