{"id":571,"date":"2021-05-13T10:23:40","date_gmt":"2021-05-13T08:23:40","guid":{"rendered":"https:\/\/www.anwaltslink.de\/anwaltstools\/?page_id=571"},"modified":"2021-05-13T11:51:28","modified_gmt":"2021-05-13T09:51:28","slug":"ueber-uns","status":"publish","type":"page","link":"https:\/\/www.anwaltslink.de\/anwaltstools\/ueber-uns\/","title":{"rendered":"\u00dcber uns"},"content":{"rendered":"<p><strong>Anbieter<\/strong><\/p>\n<p>von<\/p>\n<p><strong><img loading=\"lazy\" decoding=\"async\" class=\"alignnone size-full wp-image-373\" src=\"https:\/\/www.anwaltslink.de\/anwaltstools\/wp-content\/uploads\/sites\/4\/anwaltslink_anwaltstools_im_internet.png\" alt=\"\" width=\"150\" height=\"20\" \/><em><br \/>\n<\/em>Anwaltstools im Internet<\/strong><\/p>\n<p>ist die <strong>anwaltsgebot.de UG (haftungsbeschr\u00e4nkt) <\/strong>mit Sitz in Berlin.<strong><br \/>\n<\/strong><\/p>\n<p>Auf dieser Anwaltsplattform finden Sie <strong>hilfreiche Links zu digitalen Anwaltstools<\/strong>, kostenlos im Internet.<\/p>\n<p>Die Idee hierbei ist, Anw\u00e4ltinnen und Anw\u00e4lten einen<strong> einfachen Zugang zu Internet-Angeboten<\/strong> zu schaffen, die dem Anwalt in der t\u00e4glichen Anwalts-Praxis weiterhelfen. <strong>Ausgew\u00e4hlt von Anw\u00e4lten<\/strong>.<\/p>\n<p>Die Link-Datenbank steht noch ganz am Anfang, wird aber st\u00e4ndig ausgebaut. Schauen Sie mal immer wieder vorbei!<\/p>\n","protected":false},"excerpt":{"rendered":"<p>Anbieter von Anwaltstools im Internet ist die anwaltsgebot.de UG (haftungsbeschr\u00e4nkt) mit Sitz in Berlin. Auf dieser Anwaltsplattform finden Sie hilfreiche Links zu digitalen Anwaltstools, kostenlos im Internet. Die Idee hierbei ist, Anw\u00e4ltinnen und Anw\u00e4lten einen einfachen Zugang zu Internet-Angeboten zu schaffen, die dem Anwalt in der t\u00e4glichen Anwalts-Praxis weiterhelfen. Ausgew\u00e4hlt von Anw\u00e4lten. Die Link-Datenbank steht [&hellip;]<\/p>\n","protected":false},"author":2,"featured_media":0,"parent":0,"menu_order":0,"comment_status":"closed","ping_status":"closed","template":"","meta":{"footnotes":""},"class_list":["post-571","page","type-page","status-publish","hentry"],"yoast_head":"<!-- This site is optimized with the Yoast SEO plugin v27.3 - https:\/\/yoast.com\/product\/yoast-seo-wordpress\/ -->\n<title>\u00dcber uns - anwaltslink.de<\/title>\n<meta name=\"robots\" content=\"index, follow, max-snippet:-1, max-image-preview:large, max-video-preview:-1\" \/>\n<link rel=\"canonical\" href=\"https:\/\/www.anwaltslink.de\/anwaltstools\/ueber-uns\/\" \/>\n<meta property=\"og:locale\" content=\"de_DE\" \/>\n<meta property=\"og:type\" content=\"article\" \/>\n<meta property=\"og:title\" content=\"\u00dcber uns - anwaltslink.de\" \/>\n<meta property=\"og:description\" content=\"Anbieter von Anwaltstools im Internet ist die anwaltsgebot.de UG (haftungsbeschr\u00e4nkt) mit Sitz in Berlin. Auf dieser Anwaltsplattform finden Sie hilfreiche Links zu digitalen Anwaltstools, kostenlos im Internet. Die Idee hierbei ist, Anw\u00e4ltinnen und Anw\u00e4lten einen einfachen Zugang zu Internet-Angeboten zu schaffen, die dem Anwalt in der t\u00e4glichen Anwalts-Praxis weiterhelfen. Ausgew\u00e4hlt von Anw\u00e4lten. Die Link-Datenbank steht [&hellip;]\" \/>\n<meta property=\"og:url\" content=\"https:\/\/www.anwaltslink.de\/anwaltstools\/ueber-uns\/\" \/>\n<meta property=\"og:site_name\" content=\"anwaltslink.de\" \/>\n<meta property=\"article:modified_time\" content=\"2021-05-13T09:51:28+00:00\" \/>\n<meta property=\"og:image\" content=\"https:\/\/www.anwaltslink.de\/anwaltstools\/wp-content\/uploads\/sites\/4\/anwaltslink_anwaltstools_im_internet.png\" \/>\n<meta name=\"twitter:card\" content=\"summary_large_image\" \/>\n<meta name=\"twitter:label1\" content=\"Gesch\u00e4tzte Lesezeit\" \/>\n\t<meta name=\"twitter:data1\" content=\"1\u00a0Minute\" \/>\n<script type=\"application\/ld+json\" class=\"yoast-schema-graph\">{\"@context\":\"https:\\\/\\\/schema.org\",\"@graph\":[{\"@type\":\"WebPage\",\"@id\":\"https:\\\/\\\/www.anwaltslink.de\\\/anwaltstools\\\/ueber-uns\\\/\",\"url\":\"https:\\\/\\\/www.anwaltslink.de\\\/anwaltstools\\\/ueber-uns\\\/\",\"name\":\"\u00dcber uns - anwaltslink.de\",\"isPartOf\":{\"@id\":\"https:\\\/\\\/www.anwaltslink.de\\\/anwaltstools\\\/#website\"},\"primaryImageOfPage\":{\"@id\":\"https:\\\/\\\/www.anwaltslink.de\\\/anwaltstools\\\/ueber-uns\\\/#primaryimage\"},\"image\":{\"@id\":\"https:\\\/\\\/www.anwaltslink.de\\\/anwaltstools\\\/ueber-uns\\\/#primaryimage\"},\"thumbnailUrl\":\"https:\\\/\\\/www.anwaltslink.de\\\/anwaltstools\\\/wp-content\\\/uploads\\\/sites\\\/4\\\/anwaltslink_anwaltstools_im_internet.png\",\"datePublished\":\"2021-05-13T08:23:40+00:00\",\"dateModified\":\"2021-05-13T09:51:28+00:00\",\"breadcrumb\":{\"@id\":\"https:\\\/\\\/www.anwaltslink.de\\\/anwaltstools\\\/ueber-uns\\\/#breadcrumb\"},\"inLanguage\":\"de\",\"potentialAction\":[{\"@type\":\"ReadAction\",\"target\":[\"https:\\\/\\\/www.anwaltslink.de\\\/anwaltstools\\\/ueber-uns\\\/\"]}]},{\"@type\":\"ImageObject\",\"inLanguage\":\"de\",\"@id\":\"https:\\\/\\\/www.anwaltslink.de\\\/anwaltstools\\\/ueber-uns\\\/#primaryimage\",\"url\":\"https:\\\/\\\/www.anwaltslink.de\\\/anwaltstools\\\/wp-content\\\/uploads\\\/sites\\\/4\\\/anwaltslink_anwaltstools_im_internet.png\",\"contentUrl\":\"https:\\\/\\\/www.anwaltslink.de\\\/anwaltstools\\\/wp-content\\\/uploads\\\/sites\\\/4\\\/anwaltslink_anwaltstools_im_internet.png\",\"width\":150,\"height\":20},{\"@type\":\"BreadcrumbList\",\"@id\":\"https:\\\/\\\/www.anwaltslink.de\\\/anwaltstools\\\/ueber-uns\\\/#breadcrumb\",\"itemListElement\":[{\"@type\":\"ListItem\",\"position\":1,\"name\":\"Startseite\",\"item\":\"https:\\\/\\\/www.anwaltslink.de\\\/anwaltstools\\\/\"},{\"@type\":\"ListItem\",\"position\":2,\"name\":\"\u00dcber uns\"}]},{\"@type\":\"WebSite\",\"@id\":\"https:\\\/\\\/www.anwaltslink.de\\\/anwaltstools\\\/#website\",\"url\":\"https:\\\/\\\/www.anwaltslink.de\\\/anwaltstools\\\/\",\"name\":\"anwaltslink.de\",\"description\":\"Anwaltstools im Internet\",\"potentialAction\":[{\"@type\":\"SearchAction\",\"target\":{\"@type\":\"EntryPoint\",\"urlTemplate\":\"https:\\\/\\\/www.anwaltslink.de\\\/anwaltstools\\\/?s={search_term_string}\"},\"query-input\":{\"@type\":\"PropertyValueSpecification\",\"valueRequired\":true,\"valueName\":\"search_term_string\"}}],\"inLanguage\":\"de\"}]}<\/script>\n<!-- \/ Yoast SEO plugin. -->","yoast_head_json":{"title":"\u00dcber uns - anwaltslink.de","robots":{"index":"index","follow":"follow","max-snippet":"max-snippet:-1","max-image-preview":"max-image-preview:large","max-video-preview":"max-video-preview:-1"},"canonical":"https:\/\/www.anwaltslink.de\/anwaltstools\/ueber-uns\/","og_locale":"de_DE","og_type":"article","og_title":"\u00dcber uns - anwaltslink.de","og_description":"Anbieter von Anwaltstools im Internet ist die anwaltsgebot.de UG (haftungsbeschr\u00e4nkt) mit Sitz in Berlin. Auf dieser Anwaltsplattform finden Sie hilfreiche Links zu digitalen Anwaltstools, kostenlos im Internet. Die Idee hierbei ist, Anw\u00e4ltinnen und Anw\u00e4lten einen einfachen Zugang zu Internet-Angeboten zu schaffen, die dem Anwalt in der t\u00e4glichen Anwalts-Praxis weiterhelfen. Ausgew\u00e4hlt von Anw\u00e4lten. Die Link-Datenbank steht [&hellip;]","og_url":"https:\/\/www.anwaltslink.de\/anwaltstools\/ueber-uns\/","og_site_name":"anwaltslink.de","article_modified_time":"2021-05-13T09:51:28+00:00","og_image":[{"url":"https:\/\/www.anwaltslink.de\/anwaltstools\/wp-content\/uploads\/sites\/4\/anwaltslink_anwaltstools_im_internet.png","type":"","width":"","height":""}],"twitter_card":"summary_large_image","twitter_misc":{"Gesch\u00e4tzte Lesezeit":"1\u00a0Minute"},"schema":{"@context":"https:\/\/schema.org","@graph":[{"@type":"WebPage","@id":"https:\/\/www.anwaltslink.de\/anwaltstools\/ueber-uns\/","url":"https:\/\/www.anwaltslink.de\/anwaltstools\/ueber-uns\/","name":"\u00dcber uns - anwaltslink.de","isPartOf":{"@id":"https:\/\/www.anwaltslink.de\/anwaltstools\/#website"},"primaryImageOfPage":{"@id":"https:\/\/www.anwaltslink.de\/anwaltstools\/ueber-uns\/#primaryimage"},"image":{"@id":"https:\/\/www.anwaltslink.de\/anwaltstools\/ueber-uns\/#primaryimage"},"thumbnailUrl":"https:\/\/www.anwaltslink.de\/anwaltstools\/wp-content\/uploads\/sites\/4\/anwaltslink_anwaltstools_im_internet.png","datePublished":"2021-05-13T08:23:40+00:00","dateModified":"2021-05-13T09:51:28+00:00","breadcrumb":{"@id":"https:\/\/www.anwaltslink.de\/anwaltstools\/ueber-uns\/#breadcrumb"},"inLanguage":"de","potentialAction":[{"@type":"ReadAction","target":["https:\/\/www.anwaltslink.de\/anwaltstools\/ueber-uns\/"]}]},{"@type":"ImageObject","inLanguage":"de","@id":"https:\/\/www.anwaltslink.de\/anwaltstools\/ueber-uns\/#primaryimage","url":"https:\/\/www.anwaltslink.de\/anwaltstools\/wp-content\/uploads\/sites\/4\/anwaltslink_anwaltstools_im_internet.png","contentUrl":"https:\/\/www.anwaltslink.de\/anwaltstools\/wp-content\/uploads\/sites\/4\/anwaltslink_anwaltstools_im_internet.png","width":150,"height":20},{"@type":"BreadcrumbList","@id":"https:\/\/www.anwaltslink.de\/anwaltstools\/ueber-uns\/#breadcrumb","itemListElement":[{"@type":"ListItem","position":1,"name":"Startseite","item":"https:\/\/www.anwaltslink.de\/anwaltstools\/"},{"@type":"ListItem","position":2,"name":"\u00dcber uns"}]},{"@type":"WebSite","@id":"https:\/\/www.anwaltslink.de\/anwaltstools\/#website","url":"https:\/\/www.anwaltslink.de\/anwaltstools\/","name":"anwaltslink.de","description":"Anwaltstools im Internet","potentialAction":[{"@type":"SearchAction","target":{"@type":"EntryPoint","urlTemplate":"https:\/\/www.anwaltslink.de\/anwaltstools\/?s={search_term_string}"},"query-input":{"@type":"PropertyValueSpecification","valueRequired":true,"valueName":"search_term_string"}}],"inLanguage":"de"}]}},"wps_subtitle":"","_links":{"self":[{"href":"https:\/\/www.anwaltslink.de\/anwaltstools\/wp-json\/wp\/v2\/pages\/571","targetHints":{"allow":["GET"]}}],"collection":[{"href":"https:\/\/www.anwaltslink.de\/anwaltstools\/wp-json\/wp\/v2\/pages"}],"about":[{"href":"https:\/\/www.anwaltslink.de\/anwaltstools\/wp-json\/wp\/v2\/types\/page"}],"author":[{"embeddable":true,"href":"https:\/\/www.anwaltslink.de\/anwaltstools\/wp-json\/wp\/v2\/users\/2"}],"replies":[{"embeddable":true,"href":"https:\/\/www.anwaltslink.de\/anwaltstools\/wp-json\/wp\/v2\/comments?post=571"}],"version-history":[{"count":11,"href":"https:\/\/www.anwaltslink.de\/anwaltstools\/wp-json\/wp\/v2\/pages\/571\/revisions"}],"predecessor-version":[{"id":591,"href":"https:\/\/www.anwaltslink.de\/anwaltstools\/wp-json\/wp\/v2\/pages\/571\/revisions\/591"}],"wp:attachment":[{"href":"https:\/\/www.anwaltslink.de\/anwaltstools\/wp-json\/wp\/v2\/media?parent=571"}],"curies":[{"name":"wp","href":"https:\/\/api.w.org\/{rel}","templated":true}]}}